{"id":8894,"date":"2019-12-04T11:00:41","date_gmt":"2019-12-04T11:00:41","guid":{"rendered":"https:\/\/www.escuelapilotohelicoptero.com\/?page_id=8894"},"modified":"2024-04-18T10:11:16","modified_gmt":"2024-04-18T10:11:16","slug":"huet-course-underwater-helicopter-escape-training","status":"publish","type":"page","link":"https:\/\/www.escuelapilotohelicoptero.com\/en\/huet-course-underwater-helicopter-escape-training\/","title":{"rendered":"HUET Course \u2013 Underwater Helicopter Escape Training"},"content":{"rendered":"<div id=\"pl-8894\"  class=\"panel-layout\" ><div id=\"pg-8894-0\"  class=\"panel-grid panel-no-style\" ><div id=\"pgc-8894-0-0\"  class=\"panel-grid-cell\" ><div id=\"panel-8894-0-0-0\" class=\"so-panel widget widget_sow-image panel-first-child panel-last-child\" data-index=\"0\" ><div\n\t\t\t\n\t\t\tclass=\"so-widget-sow-image so-widget-sow-image-default-8b5b6f678277-8894\"\n\t\t\t\n\t\t>\n<div class=\"sow-image-container\">\n\t\t<img \n\tsrc=\"https:\/\/www.escuelapilotohelicoptero.com\/wp-content\/uploads\/2019\/12\/curso-huet-scaled.gif\" width=\"1024\" height=\"367\" sizes=\"(max-width: 1024px) 100vw, 1024px\" title=\"huet course\" alt=\"huet course\" \t\tclass=\"so-widget-image\"\/>\n\t<\/div>\n\n<\/div><\/div><\/div><\/div><div id=\"pg-8894-1\"  class=\"panel-grid panel-no-style\" ><div id=\"pgc-8894-1-0\"  class=\"panel-grid-cell\" ><div id=\"panel-8894-1-0-0\" class=\"so-panel widget widget_text panel-first-child panel-last-child\" data-index=\"1\" ><div class=\"panel-widget-style panel-widget-style-for-8894-1-0-0\" ><h3 class=\"widget-title\">INFORMATION<\/h3>\t\t\t<div class=\"textwidget\"><p><i class=\"fa fa-calendar fa-lg\" aria-hidden=\"true\" style=\"color:#333333; margin-right: 15px;\"><\/i><b>Duration:<\/b> 8 hours<br \/>\n<i class=\"fa fa-eur fa-lg\" aria-hidden=\"true\" style=\"color:#333333 ; margin-right: 20px;\"><\/i><b>Price:<\/b> To consult<br \/>\n<i class=\"fa fa-info-circle fa-lg\" aria-hidden=\"true\" style=\"color:#333333; margin-right: 12px;\"><\/i><a href=\"http:\/\/www.escuelapilotohelicoptero.com\/en\/contact\/\">Request more information<\/a><\/p>\n<\/div>\n\t\t<\/div><\/div><\/div><div id=\"pgc-8894-1-1\"  class=\"panel-grid-cell\" ><div id=\"panel-8894-1-1-0\" class=\"so-panel widget widget_text panel-first-child panel-last-child\" data-index=\"2\" ><div class=\"panel-widget-style panel-widget-style-for-8894-1-1-0\" ><h3 class=\"widget-title\">WHAT CAN YOU DO?<\/h3>\t\t\t<div class=\"textwidget\"><p>Egression and escape from aircraft in case of ditching.<\/p>\n<\/div>\n\t\t<\/div><\/div><\/div><\/div><div id=\"pg-8894-2\"  class=\"panel-grid panel-no-style\" ><div id=\"pgc-8894-2-0\"  class=\"panel-grid-cell\" ><div id=\"panel-8894-2-0-0\" class=\"so-panel widget widget_text panel-first-child panel-last-child\" data-index=\"3\" >\t\t\t<div class=\"textwidget\"><h3>Course Description<\/h3>\n<p>He <b>HUET Course - Underwater Helicopter Escape Training<\/b> It consists of acquiring the knowledge and skills necessary to react and survive a forced landing of an aircraft and subsequent survival situation in the aquatic environment.<\/p>\n<p>This course is developed according to the <a href=\"https:\/\/www.easa.europa.eu\/sites\/default\/files\/dfu\/Consolidated%20unofficial%20AMC%26GM_Annex%20III%20Part-ORO.pdf\" target=\"_blank\" rel=\"noopener\">GOLD.FC.230 (D)<\/a>.<\/p>\n<\/div>\n\t\t<\/div><\/div><\/div><div id=\"pg-8894-3\"  class=\"panel-grid panel-no-style\" ><div id=\"pgc-8894-3-0\"  class=\"panel-grid-cell\" ><div id=\"panel-8894-3-0-0\" class=\"so-panel widget widget_text panel-first-child panel-last-child\" data-index=\"4\" >\t\t\t<div class=\"textwidget\"><h3>Course objectives<\/h3>\n<p>He <b>HUET Course - Underwater Helicopter Escape Training<\/b> trains crews to be able to act as pilots in extended operations over water (such as transfers at sea, operations <i>offshore<\/i> regular or scheduled, coast-to-coast flights, operations over water...).<\/p>\n<\/div>\n\t\t<\/div><\/div><\/div><div id=\"pg-8894-4\"  class=\"panel-grid panel-no-style\" ><div id=\"pgc-8894-4-0\"  class=\"panel-grid-cell\" ><div id=\"panel-8894-4-0-0\" class=\"so-panel widget widget_text panel-first-child panel-last-child\" data-index=\"5\" >\t\t\t<div class=\"textwidget\"><h3>Course duration<\/h3>\n<p>He <b>HUET Course - Underwater Helicopter Escape Training<\/b> It lasts 8 hours.<\/p>\n<\/div>\n\t\t<\/div><\/div><\/div><div id=\"pg-8894-5\"  class=\"panel-grid panel-no-style\" ><div id=\"pgc-8894-5-0\"  class=\"panel-grid-cell\" ><div id=\"panel-8894-5-0-0\" class=\"so-panel widget widget_sow-tabs panel-first-child panel-last-child\" data-index=\"6\" ><div\n\t\t\t\n\t\t\tclass=\"so-widget-sow-tabs so-widget-sow-tabs-default-88dbdf24cd2c-8894\"\n\t\t\t\n\t\t><h3 class=\"widget-title\">Course structure<\/h3><div class=\"sow-tabs\">\n\t<div class=\"sow-tabs-tab-container\" role=\"tablist\">\n\t\t\t<div\n\t\t\tclass=\"sow-tabs-tab\t\t\t sow-tabs-tab-selected\"\n\t\t\trole=\"tab\"\n\t\t\tdata-anchor-id=\"temario\"\n\t\t\taria-selected=\"true\"\n\t\t\ttabindex=\"0\"\n\t\t>\n\t\t\t<div class=\"sow-tabs-title sow-tabs-title-icon-left\">\n\t\t\t\t\t\t\t\tSyllabus\t\t\t\t\t\t\t<\/div>\n\t\t<\/div>\n\t\t\t<div\n\t\t\tclass=\"sow-tabs-tab\"\n\t\t\trole=\"tab\"\n\t\t\tdata-anchor-id=\"practicas\"\n\t\t\taria-selected=\"false\"\n\t\t\ttabindex=\"0\"\n\t\t>\n\t\t\t<div class=\"sow-tabs-title sow-tabs-title-icon-left\">\n\t\t\t\t\t\t\t\tPractices\t\t\t\t\t\t\t<\/div>\n\t\t<\/div>\n\t\t<\/div>\n\n\t<div class=\"sow-tabs-panel-container\">\n\t\t\t<div class=\"sow-tabs-panel\">\n\t\t\t<div\n\t\t\t\tclass=\"sow-tabs-panel-content\"\n\t\t\t\trole=\"tabpanel\"\n\t\t\t\taria-hidden=\"false\"\n\t\t\t>\n\t\t\t\t<ul>\n<li>Helicopter travel: pre-boarding, safe boarding, flight and safe disembarkation.<\/li>\n<li>Helicopter safety and abandonment.<\/li>\n<li>Helicopter emergencies: in flight, forced ditching and emergency landing. Abandonment.<\/li>\n<li>Emergency breathing system.<\/li>\n<li>Helicopter abandonment after an emergency landing.<\/li>\n<li>Dry, submerged and capsized helicopter abandonment with and without EBS. (Emergency Breathing Equipment).<\/li>\n<\/ul>\n\t\t\t<\/div>\n\t\t<\/div>\n\t\t\t<div class=\"sow-tabs-panel\">\n\t\t\t<div\n\t\t\t\tclass=\"sow-tabs-panel-content\"\n\t\t\t\trole=\"tabpanel\"\n\t\t\t\taria-hidden=\"true\"\n\t\t\t>\n\t\t\t\t<ul>\n<li>Helicopter abandonment after an emergency landing.<\/li>\n<li>Helicopter life rafts and emergency equipment.<\/li>\n<li>Dynamics of flotation with emergency breathing equipment (ERE).<\/li>\n<li>Dry, submerged and capsized helicopter abandonment with and without ERE.<\/li>\n<\/ul>\n\t\t\t<\/div>\n\t\t<\/div>\n\t\t<\/div>\n<\/div>\n<\/div><\/div><\/div><\/div><div id=\"pg-8894-6\"  class=\"panel-grid panel-no-style\" ><div id=\"pgc-8894-6-0\"  class=\"panel-grid-cell\" ><div id=\"panel-8894-6-0-0\" class=\"so-panel widget widget_text panel-first-child panel-last-child\" data-index=\"7\" >\t\t\t<div class=\"textwidget\"><h3>Evaluation methods<\/h3>\n<p>Through satisfactory completion of the practice.<\/p>\n<\/div>\n\t\t<\/div><\/div><\/div><div id=\"pg-8894-7\"  class=\"panel-grid panel-no-style\" ><div id=\"pgc-8894-7-0\"  class=\"panel-grid-cell\" ><div id=\"panel-8894-7-0-0\" class=\"so-panel widget widget_text panel-first-child panel-last-child\" data-index=\"8\" >\t\t\t<div class=\"textwidget\"><h3>Requirements to take the course<\/h3>\n<p>All personnel participating in this training must be in adequate psychophysical conditions to be able to complete the course.<\/p>\n<p>For him <b>HUET Course - Underwater Helicopter Escape Training<\/b> you only need:<\/p>\n<ul>\n<li>Current official medical certificate.<br \/>\n<i>(For example: certificate of fitness for boarding, professional diving certificate, private official medical certificate, company medical certificate).<\/i><\/li>\n<\/ul>\n<\/div>\n\t\t<\/div><\/div><\/div><div id=\"pg-8894-8\"  class=\"panel-grid panel-no-style\" ><div id=\"pgc-8894-8-0\"  class=\"panel-grid-cell\" ><div id=\"panel-8894-8-0-0\" class=\"so-panel widget widget_sow-button panel-first-child panel-last-child\" data-index=\"9\" ><div\n\t\t\t\n\t\t\tclass=\"so-widget-sow-button so-widget-sow-button-atom-bd7636dd537c-8894\"\n\t\t\t\n\t\t><div class=\"ow-button-base ow-button-align-center\"\n>\n\t\t\t<a href=\"http:\/\/www.escuelapilotohelicoptero.com\/en\/contact\/\" class=\"sowb-button ow-icon-placement-left ow-button-hover\">\n\t\t<span>\n\t\t\t\n\t\t\tMore information about the HUET Course - Underwater Helicopter Escape Training\t\t<\/span>\n\t\t\t<\/a>\n\t<\/div>\n<\/div><\/div><\/div><\/div><div id=\"pg-8894-9\"  class=\"panel-grid panel-no-style\" ><div id=\"pgc-8894-9-0\"  class=\"panel-grid-cell\" ><div id=\"panel-8894-9-0-0\" class=\"so-panel widget widget_text panel-first-child panel-last-child\" data-index=\"10\" >\t\t\t<div class=\"textwidget\"><h3>Contact us!<\/h3>\n\n<div class=\"wpcf7 no-js\" id=\"wpcf7-f7119-o1\" lang=\"es-ES\" dir=\"ltr\" data-wpcf7-id=\"7119\">\n<div class=\"screen-reader-response\"><p role=\"status\" aria-live=\"polite\" aria-atomic=\"true\"><\/p> <ul><\/ul><\/div>\n<form action=\"\/en\/wp-json\/wp\/v2\/pages\/8894#wpcf7-f7119-o1\" method=\"post\" class=\"wpcf7-form init\" aria-label=\"Contact Form\" novalidate=\"novalidate\" data-status=\"init\" data-trp-original-action=\"\/en\/wp-json\/wp\/v2\/pages\/8894#wpcf7-f7119-o1\">\n<fieldset class=\"hidden-fields-container\"><input type=\"hidden\" name=\"_wpcf7\" value=\"7119\" \/><input type=\"hidden\" name=\"_wpcf7_version\" value=\"6.1.5\" \/><input type=\"hidden\" name=\"_wpcf7_locale\" value=\"es_ES\" \/><input type=\"hidden\" name=\"_wpcf7_unit_tag\" value=\"wpcf7-f7119-o1\" \/><input type=\"hidden\" name=\"_wpcf7_container_post\" value=\"0\" \/><input type=\"hidden\" name=\"_wpcf7_posted_data_hash\" value=\"\" \/>\n<\/fieldset>\n<p><label> Name<br \/>\n<span class=\"wpcf7-form-control-wrap\" data-name=\"your-name\"><input size=\"40\" maxlength=\"400\" class=\"wpcf7-form-control wpcf7-text wpcf7-validates-as-required\" aria-required=\"true\" aria-invalid=\"false\" value=\"\" type=\"text\" name=\"your-name\" \/><\/span> <\/label>\n<\/p>\n<p><label> Surnames<br \/>\n<span class=\"wpcf7-form-control-wrap\" data-name=\"your-apellidos\"><input size=\"40\" maxlength=\"400\" class=\"wpcf7-form-control wpcf7-text wpcf7-validates-as-required\" aria-required=\"true\" aria-invalid=\"false\" value=\"\" type=\"text\" name=\"your-apellidos\" \/><\/span> <\/label>\n<\/p>\n<p><label> E-mail<br \/>\n<span class=\"wpcf7-form-control-wrap\" data-name=\"your-email\"><input size=\"40\" maxlength=\"400\" class=\"wpcf7-form-control wpcf7-email wpcf7-validates-as-required wpcf7-text wpcf7-validates-as-email\" aria-required=\"true\" aria-invalid=\"false\" value=\"\" type=\"email\" name=\"your-email\" \/><\/span> <\/label>\n<\/p>\n<p><label> Phone<br \/>\n<span class=\"wpcf7-form-control-wrap\" data-name=\"your-tel\"><input size=\"40\" maxlength=\"400\" class=\"wpcf7-form-control wpcf7-tel wpcf7-validates-as-required wpcf7-text wpcf7-validates-as-tel\" aria-required=\"true\" aria-invalid=\"false\" value=\"\" type=\"tel\" name=\"your-tel\" \/><\/span> <\/label>\n<\/p>\n<p><label> What interests you?<br \/>\n<span class=\"wpcf7-form-control-wrap\" data-name=\"menu-interes\"><select class=\"wpcf7-form-control wpcf7-select wpcf7-validates-as-required\" aria-required=\"true\" aria-invalid=\"false\" multiple=\"multiple\" name=\"menu-interes[]\"><option value=\"Curso de Iniciaci\u00f3n al vuelo\">Flight Initiation Course<\/option><option value=\"Curso de Piloto Privado PPL(H)\">PPL(H) Private Pilot Course<\/option><option value=\"Curso de Piloto Comercial CPL(H)\">CPL(H) Commercial Pilot Course<\/option><option value=\"Habilitaciones\">Ratings<\/option><option value=\"Otras Habilitaciones y calificaciones\">Other Ratings and Qualifications<\/option><option value=\"Otros\">Others<\/option><\/select><\/span> <\/label>\n<\/p>\n<p><label> Message<br \/>\n<span class=\"wpcf7-form-control-wrap\" data-name=\"your-message\"><textarea cols=\"40\" rows=\"10\" maxlength=\"2000\" class=\"wpcf7-form-control wpcf7-textarea\" aria-invalid=\"false\" name=\"your-message\"><\/textarea><\/span> <\/label>\n<\/p>\n<p><span class=\"wpcf7-form-control-wrap\" data-name=\"LeydeProteccindeDatos\"><span class=\"wpcf7-form-control wpcf7-checkbox wpcf7-validates-as-required\"><span class=\"wpcf7-list-item first last\"><input type=\"checkbox\" name=\"LeydeProteccindeDatos[]\" value=\"ACEPTO. Seg\u00fan lo establecido el 25 de mayo de 2018 en el Reglamento General de Protecci\u00f3n de Datos (RGPD), acepto la inclusi\u00f3n de mis datos (nombre, tel\u00e9fono y correo electr\u00f3nico) en un fichero del que es titular Helipistas SL, y que los mismos sean empleados para ofrecer los servicios en los que est\u00e9 interesado previo requerimiento suyo, a la vez que se utilizar\u00e1n para el env\u00edo de noticias y novedades de la empresa v\u00eda e-mail. Tambi\u00e9n le informamos de que su correo electr\u00f3nico y nombre nunca ser\u00e1n cedidos. Asimismo, declaro estar informado sobre los derechos de acceso rectificaci\u00f3n, cancelaci\u00f3n y oposici\u00f3n que podr\u00e9 ejercitar en el domicilio de Helipistas SL a ctra. de Ullastrell s\/n (Barcelona) o bien enviando un mensaje a la direcci\u00f3n de correo electr\u00f3nico info@helipistas.com.\" \/><span class=\"wpcf7-list-item-label\">I AGREE. As established on May 25, 2018 in the General Data Protection Regulation (RGPD), I accept the inclusion of my data (name, telephone number and email) in a file owned by Helipistas SL, and that they are employees to offer the services in which you are interested upon your request, at the same time that they will be used to send news and updates about the company via e-mail. We also inform you that your email and name will never be transferred. Likewise, I declare that I am informed about the rights of access, rectification, cancellation and opposition that I may exercise at the address of Helipistas SL a ctra. from Ullastrell s\/n (Barcelona) or by sending a message to the email address info@helipistas.com.<\/span><\/span><\/span><\/span>\n<\/p>\n<p><div id=\"cf7sr-69f5a5dc7c901\" class=\"cf7sr-g-recaptcha\" data-theme=\"light\" data-type=\"image\" data-size=\"normal\" data-sitekey=\"6Ldt3IkUAAAAAFi6Pywsnul_7YbKVpUCmzANs82i\"><\/div><span class=\"wpcf7-form-control-wrap cf7sr-recaptcha\" data-name=\"cf7sr-recaptcha\"><input type=\"hidden\" name=\"cf7sr-recaptcha\" value=\"\" class=\"wpcf7-form-control\"><\/span>\n<\/p>\n<p><input class=\"wpcf7-form-control wpcf7-submit has-spinner\" type=\"submit\" value=\"Send\" \/>\n<\/p><div class=\"wpcf7-response-output\" aria-hidden=\"true\"><\/div>\n<input type=\"hidden\" name=\"trp-form-language\" value=\"en\"\/><\/form>\n<\/div>\n\n<\/div>\n\t\t<\/div><\/div><\/div><\/div>","protected":false},"excerpt":{"rendered":"<p>Duration: 8 hours Price: To consult Request more information Egression and escape of aircraft in case of ditching.<\/p>","protected":false},"author":1,"featured_media":9188,"parent":0,"menu_order":0,"comment_status":"closed","ping_status":"closed","template":"","meta":{"_joinchat":[],"footnotes":""},"class_list":["post-8894","page","type-page","status-publish","has-post-thumbnail","hentry"],"_links":{"self":[{"href":"https:\/\/www.escuelapilotohelicoptero.com\/en\/wp-json\/wp\/v2\/pages\/8894","targetHints":{"allow":["GET"]}}],"collection":[{"href":"https:\/\/www.escuelapilotohelicoptero.com\/en\/wp-json\/wp\/v2\/pages"}],"about":[{"href":"https:\/\/www.escuelapilotohelicoptero.com\/en\/wp-json\/wp\/v2\/types\/page"}],"author":[{"embeddable":true,"href":"https:\/\/www.escuelapilotohelicoptero.com\/en\/wp-json\/wp\/v2\/users\/1"}],"replies":[{"embeddable":true,"href":"https:\/\/www.escuelapilotohelicoptero.com\/en\/wp-json\/wp\/v2\/comments?post=8894"}],"version-history":[{"count":25,"href":"https:\/\/www.escuelapilotohelicoptero.com\/en\/wp-json\/wp\/v2\/pages\/8894\/revisions"}],"predecessor-version":[{"id":14455,"href":"https:\/\/www.escuelapilotohelicoptero.com\/en\/wp-json\/wp\/v2\/pages\/8894\/revisions\/14455"}],"wp:featuredmedia":[{"embeddable":true,"href":"https:\/\/www.escuelapilotohelicoptero.com\/en\/wp-json\/wp\/v2\/media\/9188"}],"wp:attachment":[{"href":"https:\/\/www.escuelapilotohelicoptero.com\/en\/wp-json\/wp\/v2\/media?parent=8894"}],"curies":[{"name":"wp","href":"https:\/\/api.w.org\/{rel}","templated":true}]}}